{"id":2,"date":"2022-12-19T12:44:37","date_gmt":"2022-12-19T11:44:37","guid":{"rendered":"http:\/\/lechappee-oudon.fr\/?page_id=2"},"modified":"2025-04-16T15:06:19","modified_gmt":"2025-04-16T13:06:19","slug":"mentions-legales","status":"publish","type":"page","link":"https:\/\/lechappee-oudon.fr\/?page_id=2","title":{"rendered":"Mentions l\u00e9gales"},"content":{"rendered":"\t\t<div data-elementor-type=\"wp-page\" data-elementor-id=\"2\" class=\"elementor elementor-2\" data-elementor-post-type=\"page\">\n\t\t\t\t\t\t<section class=\"elementor-section elementor-top-section elementor-element elementor-element-642d4261 elementor-section-boxed elementor-section-height-default elementor-section-height-default\" data-id=\"642d4261\" data-element_type=\"section\" data-e-type=\"section\" data-settings=\"{&quot;jet_parallax_layout_list&quot;:[]}\">\n\t\t\t\t\t\t<div class=\"elementor-container elementor-column-gap-default\">\n\t\t\t\t\t<div class=\"elementor-column elementor-col-100 elementor-top-column elementor-element elementor-element-2a0f9877\" data-id=\"2a0f9877\" data-element_type=\"column\" data-e-type=\"column\">\n\t\t\t<div class=\"elementor-widget-wrap elementor-element-populated\">\n\t\t\t\t\t\t<div class=\"elementor-element elementor-element-10bd05da elementor-widget elementor-widget-text-editor\" data-id=\"10bd05da\" data-element_type=\"widget\" data-e-type=\"widget\" data-widget_type=\"text-editor.default\">\n\t\t\t\t<div class=\"elementor-widget-container\">\n\t\t\t\t\t\t\t\t\t<p>Conform\u00e9ment aux dispositions de la loi n\u00b0 2004-575 du 21 juin 2004 pour la confiance en l&rsquo;\u00e9conomie num\u00e9rique, il est pr\u00e9cis\u00e9 aux utilisateurs du site <a href=\"https:\/\/lechappee-oudon.fr\">https:\/\/lechappee-oudon.fr<\/a> l&rsquo;identit\u00e9 des diff\u00e9rents intervenants dans le cadre de sa r\u00e9alisation et de son suivi.<\/p><p><strong>\u00c9dition du site\u00a0<\/strong><\/p><p>D\u00e9nomination\u00a0: L\u2019\u00e9chapp\u00e9e<\/p><p>Forme juridique\u00a0: SARL unipersonnelle<\/p><p>Capital\u00a0: 10 000 euros,<\/p><p>SIRET\u00a0: \u00a092146497000018,<\/p><p>Si\u00e8ge social\u00a0: L&rsquo;ECHAPPEE 15 PLACE DU HAVRE, 44521 OUDON France,<\/p><p>Repr\u00e9sent\u00e9e par\u00a0: B\u00e9atrice CRESPIN<\/p><p>TVA : FR70921464970<\/p><p><strong>Directeur de publication\u00a0<\/strong><\/p><p>Le Directeur de la publication du Site est B\u00e9atrice CRESPIN.<\/p><p><strong>H\u00e9bergement<\/strong><\/p><p>Le Site est h\u00e9berg\u00e9 par la soci\u00e9t\u00e9 OVH SAS, situ\u00e9 2 rue Kellermann &#8211; BP 80157 &#8211; 59053 Roubaix Cedex 1, (contact t\u00e9l\u00e9phonique ou email : 1007).<\/p><p><strong>D\u00e9veloppement du site<\/strong><\/p><p>Le site a \u00e9t\u00e9 r\u00e9alis\u00e9 par <a href=\"https:\/\/www.comlelephant.com\">Com l&rsquo;El\u00e9phant<\/a>, agence de communication \u00e0 Le Landreau (Nantes Sud)<\/p><p><strong>Cr\u00e9dit photo<\/strong> : Adobestock<\/p><p><strong>Pr\u00e9sentation et principe :<\/strong><\/p><p>Le site\u00a0: https:\/\/lechappee-oudon.fr<\/p><p>La soci\u00e9t\u00e9\u00a0: L\u2019\u00e9chapp\u00e9e<\/p><p>Est d\u00e9sign\u00e9 ci-apr\u00e8s : <strong>Utilisateur<\/strong>, tout internaute se connectant et utilisant le site susnomm\u00e9<\/p><p>Le site regroupe un ensemble de services, dans l\u2019\u00e9tat, mis \u00e0 la disposition des utilisateurs. Il est ici pr\u00e9cis\u00e9 que ces derniers doivent rester courtois et faire preuve de bonne foi tant envers les autres utilisateurs qu\u2019envers le webmaster du site. Le site est mis \u00e0 jour r\u00e9guli\u00e8rement par le responsable de publication. Qui s\u2019efforce de fournir sur le site des informations les plus pr\u00e9cises possibles (sous r\u00e9serve de modifications apport\u00e9es depuis leur mise en ligne), mais ne saurait garantir l\u2019exactitude, la compl\u00e9tude et l\u2019actualit\u00e9 des informations diffus\u00e9es sur son site, qu\u2019elles soient de son fait ou du fait des tiers partenaires qui lui fournissent ces informations. En cons\u00e9quence, l\u2019utilisateur reconna\u00eet utiliser ces informations donn\u00e9es (\u00e0 titre indicatif, non exhaustives et susceptibles d\u2019\u00e9voluer) sous sa responsabilit\u00e9 exclusive.<\/p><p><strong>Accessibilit\u00e9 :<\/strong><\/p><p>Le site est par principe accessible aux utilisateurs 24\/24h, 7\/7j, sauf interruption, programm\u00e9e ou non, pour les besoins de sa maintenance ou en cas de force majeure. En cas d\u2019impossibilit\u00e9 d\u2019acc\u00e8s au service, la soci\u00e9t\u00e9 s\u2019engage \u00e0 faire son maximum afin de r\u00e9tablir l\u2019acc\u00e8s au service et s\u2019efforcera alors de communiquer pr\u00e9alablement aux utilisateurs les dates et heures de l\u2019intervention. N\u2019\u00e9tant soumis qu\u2019\u00e0 une obligation de moyen, la soci\u00e9t\u00e9 ne saurait \u00eatre tenue pour responsable de tout dommage, quelle qu\u2019en soit la nature, r\u00e9sultant d\u2019une indisponibilit\u00e9 du service.<\/p><p><strong>Liens hypertextes et cookies :<\/strong><\/p><p>Le site contient un certain nombre de liens hypertextes vers d\u2019autres sites (partenaires, informations \u2026) mis en place avec l\u2019autorisation de la soci\u00e9t\u00e9. Cependant, la soci\u00e9t\u00e9 n\u2019a pas la possibilit\u00e9 de v\u00e9rifier l\u2019ensemble du contenu des sites ainsi visit\u00e9s et d\u00e9cline donc toute responsabilit\u00e9 de ce fait quant aux risques \u00e9ventuels de contenus illicites.<br \/>L\u2019utilisateur est inform\u00e9 que lors de ses visites sur le site, un ou des cookies sont susceptibles de s\u2019installer automatiquement sur son ordinateur par l\u2019interm\u00e9diaire de son logiciel de navigation. Un cookie est un bloc de donn\u00e9es qui ne permet pas d\u2019identifier l\u2019utilisateur, mais qui enregistre des informations relatives \u00e0 la navigation de celui-ci sur le site. <br \/>Le param\u00e9trage du logiciel de navigation permet d\u2019informer de la pr\u00e9sence de cookie et \u00e9ventuellement, de la refuser de la mani\u00e8re d\u00e9crite \u00e0 l\u2019adresse suivante : <a href=\"http:\/\/www.cnil.fr\">www.cnil.fr<\/a>. L\u2019utilisateur peut toutefois configurer le navigateur de son ordinateur pour refuser l\u2019installation des cookies, sachant que le refus d\u2019installation d\u2019un cookie peut entra\u00eener l\u2019impossibilit\u00e9 d\u2019acc\u00e9der \u00e0 certains services. Pour tout blocage des cookies, tapez dans votre moteur de recherche : \u00ab\u00a0blocage des cookies sous [votre navigateur] et suivez les instructions en fonction de votre version.<\/p><p><strong>Donn\u00e9es personnelles<\/strong><\/p><p>En France, les donn\u00e9es personnelles sont notamment prot\u00e9g\u00e9es par la loi n\u00b0 78-87 du 6 janvier 1978, la loi n\u00b0 2004-801 du 6 ao\u00fbt 2004, l\u2019article L. 226-13 du Code p\u00e9nal et la Directive Europ\u00e9enne du 24 octobre 1995.<\/p><p>Sur le site, la soci\u00e9t\u00e9 ne collecte des informations personnelles ( suivant l\u2019article 4 loi n\u00b078-17 du 06 janvier 1978) relatives \u00e0 l\u2019utilisateur que pour le besoin de certains services propos\u00e9s. L\u2019utilisateur fournit ces informations en toute connaissance de cause, notamment lorsqu\u2019il proc\u00e8de par lui-m\u00eame \u00e0 leur saisie. Il est alors pr\u00e9cis\u00e9 \u00e0 l\u2019utilisateur du site l\u2019obligation ou non de fournir ces informations.<br \/>Sur le site, le formulaire de contact envoie un email \u00e0 l\u2019entreprise. Les donn\u00e9es collect\u00e9es sont uniquement utilis\u00e9es par la soci\u00e9t\u00e9 \u00e0 des fins commerciales afin de r\u00e9pondre \u00e0 votre demande. Elles ne seront pas conserv\u00e9es si votre demande n\u2019aboutit pas. Conform\u00e9ment aux dispositions des articles 38 et suivants de la loi 78-17 du 6 janvier 1978 relative \u00e0 l\u2019informatique, aux fichiers et aux libert\u00e9s, tout utilisateur dispose d\u2019un droit d\u2019acc\u00e8s, de rectification, de suppression et d\u2019opposition aux donn\u00e9es personnelles le concernant. Pour l\u2019exercer, adressez votre demande \u00e0 la soci\u00e9t\u00e9 par \u00e9crit d\u00fbment sign\u00e9e, accompagn\u00e9e d\u2019une copie du titre d\u2019identit\u00e9 avec signature du titulaire de la pi\u00e8ce, en pr\u00e9cisant l\u2019adresse \u00e0 laquelle la r\u00e9ponse doit \u00eatre envoy\u00e9e.<\/p><p>Aucune information personnelle de l\u2019utilisateur du site n\u2019est publi\u00e9e \u00e0 l\u2019insu de l\u2019utilisateur, \u00e9chang\u00e9e, transf\u00e9r\u00e9e, c\u00e9d\u00e9e ou vendue sur un support quelconque \u00e0 des tiers. Seule l\u2019hypoth\u00e8se du rachat du site et de ses droits autorise la soci\u00e9t\u00e9 \u00e0 transmettre les dites informations \u00e0 l\u2019\u00e9ventuel acqu\u00e9reur qui serait \u00e0 son tour tenu \u00e0 la m\u00eame obligation de conservation et de modification des donn\u00e9es vis \u00e0 vis de l\u2019utilisateur du site.<\/p><p>Les bases de donn\u00e9es sont prot\u00e9g\u00e9es par les dispositions de la loi du 1er juillet 1998 transposant la directive 96\/9 du 11 mars 1996 relative \u00e0 la protection juridique des bases de donn\u00e9es.<\/p>\t\t\t\t\t\t\t\t<\/div>\n\t\t\t\t<\/div>\n\t\t\t\t\t<\/div>\n\t\t<\/div>\n\t\t\t\t\t<\/div>\n\t\t<\/section>\n\t\t\t\t<\/div>\n\t\t","protected":false},"excerpt":{"rendered":"<p>Conform\u00e9ment aux dispositions de la loi n\u00b0 2004-575 du 21 juin 2004 pour la confiance en l&rsquo;\u00e9conomie num\u00e9rique, il est pr\u00e9cis\u00e9 aux utilisateurs du site https:\/\/lechappee-oudon.fr l&rsquo;identit\u00e9 des diff\u00e9rents intervenants dans le cadre de sa r\u00e9alisation et de son suivi. \u00c9dition du site\u00a0 D\u00e9nomination\u00a0: L\u2019\u00e9chapp\u00e9e Forme juridique\u00a0: SARL unipersonnelle Capital\u00a0: 10 000 euros, SIRET\u00a0: \u00a092146497000018, [&hellip;]<\/p>\n","protected":false},"author":1,"featured_media":0,"parent":0,"menu_order":0,"comment_status":"closed","ping_status":"closed","template":"","meta":{"footnotes":""},"class_list":["post-2","page","type-page","status-publish","hentry"],"yoast_head":"<!-- This site is optimized with the Yoast SEO plugin v27.5 - https:\/\/yoast.com\/product\/yoast-seo-wordpress\/ -->\n<title>Mentions l\u00e9gales - L&#039;\u00e9chapp\u00e9e, boutique gourmande \u00e0 Oudon<\/title>\n<meta name=\"robots\" content=\"index, follow, max-snippet:-1, max-image-preview:large, max-video-preview:-1\" \/>\n<link rel=\"canonical\" href=\"https:\/\/lechappee-oudon.fr\/?page_id=2\" \/>\n<meta property=\"og:locale\" content=\"fr_FR\" \/>\n<meta property=\"og:type\" content=\"article\" \/>\n<meta property=\"og:title\" content=\"Mentions l\u00e9gales - L&#039;\u00e9chapp\u00e9e, boutique gourmande \u00e0 Oudon\" \/>\n<meta property=\"og:description\" content=\"Conform\u00e9ment aux dispositions de la loi n\u00b0 2004-575 du 21 juin 2004 pour la confiance en l&rsquo;\u00e9conomie num\u00e9rique, il est pr\u00e9cis\u00e9 aux utilisateurs du site https:\/\/lechappee-oudon.fr l&rsquo;identit\u00e9 des diff\u00e9rents intervenants dans le cadre de sa r\u00e9alisation et de son suivi. \u00c9dition du site\u00a0 D\u00e9nomination\u00a0: L\u2019\u00e9chapp\u00e9e Forme juridique\u00a0: SARL unipersonnelle Capital\u00a0: 10 000 euros, SIRET\u00a0: \u00a092146497000018, [&hellip;]\" \/>\n<meta property=\"og:url\" content=\"https:\/\/lechappee-oudon.fr\/?page_id=2\" \/>\n<meta property=\"og:site_name\" content=\"L&#039;\u00e9chapp\u00e9e, boutique gourmande \u00e0 Oudon\" \/>\n<meta property=\"article:modified_time\" content=\"2025-04-16T13:06:19+00:00\" \/>\n<meta name=\"twitter:card\" content=\"summary_large_image\" \/>\n<meta name=\"twitter:label1\" content=\"Dur\u00e9e de lecture estim\u00e9e\" \/>\n\t<meta name=\"twitter:data1\" content=\"5 minutes\" \/>\n<script type=\"application\/ld+json\" class=\"yoast-schema-graph\">{\"@context\":\"https:\\\/\\\/schema.org\",\"@graph\":[{\"@type\":\"WebPage\",\"@id\":\"https:\\\/\\\/lechappee-oudon.fr\\\/?page_id=2\",\"url\":\"https:\\\/\\\/lechappee-oudon.fr\\\/?page_id=2\",\"name\":\"Mentions l\u00e9gales - L&#039;\u00e9chapp\u00e9e, boutique gourmande \u00e0 Oudon\",\"isPartOf\":{\"@id\":\"http:\\\/\\\/lechappee-oudon.fr\\\/#website\"},\"datePublished\":\"2022-12-19T11:44:37+00:00\",\"dateModified\":\"2025-04-16T13:06:19+00:00\",\"breadcrumb\":{\"@id\":\"https:\\\/\\\/lechappee-oudon.fr\\\/?page_id=2#breadcrumb\"},\"inLanguage\":\"fr-FR\",\"potentialAction\":[{\"@type\":\"ReadAction\",\"target\":[\"https:\\\/\\\/lechappee-oudon.fr\\\/?page_id=2\"]}]},{\"@type\":\"BreadcrumbList\",\"@id\":\"https:\\\/\\\/lechappee-oudon.fr\\\/?page_id=2#breadcrumb\",\"itemListElement\":[{\"@type\":\"ListItem\",\"position\":1,\"name\":\"Accueil\",\"item\":\"http:\\\/\\\/lechappee-oudon.fr\\\/\"},{\"@type\":\"ListItem\",\"position\":2,\"name\":\"Mentions l\u00e9gales\"}]},{\"@type\":\"WebSite\",\"@id\":\"http:\\\/\\\/lechappee-oudon.fr\\\/#website\",\"url\":\"http:\\\/\\\/lechappee-oudon.fr\\\/\",\"name\":\"L&#039;\u00e9chapp\u00e9e, boutique gourmande \u00e0 Oudon\",\"description\":\"Un site utilisant WordPress\",\"publisher\":{\"@id\":\"http:\\\/\\\/lechappee-oudon.fr\\\/#organization\"},\"potentialAction\":[{\"@type\":\"SearchAction\",\"target\":{\"@type\":\"EntryPoint\",\"urlTemplate\":\"http:\\\/\\\/lechappee-oudon.fr\\\/?s={search_term_string}\"},\"query-input\":{\"@type\":\"PropertyValueSpecification\",\"valueRequired\":true,\"valueName\":\"search_term_string\"}}],\"inLanguage\":\"fr-FR\"},{\"@type\":\"Organization\",\"@id\":\"http:\\\/\\\/lechappee-oudon.fr\\\/#organization\",\"name\":\"L&#039;\u00e9chapp\u00e9e, boutique gourmande \u00e0 Oudon\",\"url\":\"http:\\\/\\\/lechappee-oudon.fr\\\/\",\"logo\":{\"@type\":\"ImageObject\",\"inLanguage\":\"fr-FR\",\"@id\":\"http:\\\/\\\/lechappee-oudon.fr\\\/#\\\/schema\\\/logo\\\/image\\\/\",\"url\":\"https:\\\/\\\/lechappee-oudon.fr\\\/wp-content\\\/uploads\\\/2022\\\/12\\\/epicerie-oudon-lechappee.png\",\"contentUrl\":\"https:\\\/\\\/lechappee-oudon.fr\\\/wp-content\\\/uploads\\\/2022\\\/12\\\/epicerie-oudon-lechappee.png\",\"width\":1248,\"height\":610,\"caption\":\"L&#039;\u00e9chapp\u00e9e, boutique gourmande \u00e0 Oudon\"},\"image\":{\"@id\":\"http:\\\/\\\/lechappee-oudon.fr\\\/#\\\/schema\\\/logo\\\/image\\\/\"}}]}<\/script>\n<!-- \/ Yoast SEO plugin. -->","yoast_head_json":{"title":"Mentions l\u00e9gales - L&#039;\u00e9chapp\u00e9e, boutique gourmande \u00e0 Oudon","robots":{"index":"index","follow":"follow","max-snippet":"max-snippet:-1","max-image-preview":"max-image-preview:large","max-video-preview":"max-video-preview:-1"},"canonical":"https:\/\/lechappee-oudon.fr\/?page_id=2","og_locale":"fr_FR","og_type":"article","og_title":"Mentions l\u00e9gales - L&#039;\u00e9chapp\u00e9e, boutique gourmande \u00e0 Oudon","og_description":"Conform\u00e9ment aux dispositions de la loi n\u00b0 2004-575 du 21 juin 2004 pour la confiance en l&rsquo;\u00e9conomie num\u00e9rique, il est pr\u00e9cis\u00e9 aux utilisateurs du site https:\/\/lechappee-oudon.fr l&rsquo;identit\u00e9 des diff\u00e9rents intervenants dans le cadre de sa r\u00e9alisation et de son suivi. \u00c9dition du site\u00a0 D\u00e9nomination\u00a0: L\u2019\u00e9chapp\u00e9e Forme juridique\u00a0: SARL unipersonnelle Capital\u00a0: 10 000 euros, SIRET\u00a0: \u00a092146497000018, [&hellip;]","og_url":"https:\/\/lechappee-oudon.fr\/?page_id=2","og_site_name":"L&#039;\u00e9chapp\u00e9e, boutique gourmande \u00e0 Oudon","article_modified_time":"2025-04-16T13:06:19+00:00","twitter_card":"summary_large_image","twitter_misc":{"Dur\u00e9e de lecture estim\u00e9e":"5 minutes"},"schema":{"@context":"https:\/\/schema.org","@graph":[{"@type":"WebPage","@id":"https:\/\/lechappee-oudon.fr\/?page_id=2","url":"https:\/\/lechappee-oudon.fr\/?page_id=2","name":"Mentions l\u00e9gales - L&#039;\u00e9chapp\u00e9e, boutique gourmande \u00e0 Oudon","isPartOf":{"@id":"http:\/\/lechappee-oudon.fr\/#website"},"datePublished":"2022-12-19T11:44:37+00:00","dateModified":"2025-04-16T13:06:19+00:00","breadcrumb":{"@id":"https:\/\/lechappee-oudon.fr\/?page_id=2#breadcrumb"},"inLanguage":"fr-FR","potentialAction":[{"@type":"ReadAction","target":["https:\/\/lechappee-oudon.fr\/?page_id=2"]}]},{"@type":"BreadcrumbList","@id":"https:\/\/lechappee-oudon.fr\/?page_id=2#breadcrumb","itemListElement":[{"@type":"ListItem","position":1,"name":"Accueil","item":"http:\/\/lechappee-oudon.fr\/"},{"@type":"ListItem","position":2,"name":"Mentions l\u00e9gales"}]},{"@type":"WebSite","@id":"http:\/\/lechappee-oudon.fr\/#website","url":"http:\/\/lechappee-oudon.fr\/","name":"L&#039;\u00e9chapp\u00e9e, boutique gourmande \u00e0 Oudon","description":"Un site utilisant WordPress","publisher":{"@id":"http:\/\/lechappee-oudon.fr\/#organization"},"potentialAction":[{"@type":"SearchAction","target":{"@type":"EntryPoint","urlTemplate":"http:\/\/lechappee-oudon.fr\/?s={search_term_string}"},"query-input":{"@type":"PropertyValueSpecification","valueRequired":true,"valueName":"search_term_string"}}],"inLanguage":"fr-FR"},{"@type":"Organization","@id":"http:\/\/lechappee-oudon.fr\/#organization","name":"L&#039;\u00e9chapp\u00e9e, boutique gourmande \u00e0 Oudon","url":"http:\/\/lechappee-oudon.fr\/","logo":{"@type":"ImageObject","inLanguage":"fr-FR","@id":"http:\/\/lechappee-oudon.fr\/#\/schema\/logo\/image\/","url":"https:\/\/lechappee-oudon.fr\/wp-content\/uploads\/2022\/12\/epicerie-oudon-lechappee.png","contentUrl":"https:\/\/lechappee-oudon.fr\/wp-content\/uploads\/2022\/12\/epicerie-oudon-lechappee.png","width":1248,"height":610,"caption":"L&#039;\u00e9chapp\u00e9e, boutique gourmande \u00e0 Oudon"},"image":{"@id":"http:\/\/lechappee-oudon.fr\/#\/schema\/logo\/image\/"}}]}},"_links":{"self":[{"href":"https:\/\/lechappee-oudon.fr\/index.php?rest_route=\/wp\/v2\/pages\/2","targetHints":{"allow":["GET"]}}],"collection":[{"href":"https:\/\/lechappee-oudon.fr\/index.php?rest_route=\/wp\/v2\/pages"}],"about":[{"href":"https:\/\/lechappee-oudon.fr\/index.php?rest_route=\/wp\/v2\/types\/page"}],"author":[{"embeddable":true,"href":"https:\/\/lechappee-oudon.fr\/index.php?rest_route=\/wp\/v2\/users\/1"}],"replies":[{"embeddable":true,"href":"https:\/\/lechappee-oudon.fr\/index.php?rest_route=%2Fwp%2Fv2%2Fcomments&post=2"}],"version-history":[{"count":7,"href":"https:\/\/lechappee-oudon.fr\/index.php?rest_route=\/wp\/v2\/pages\/2\/revisions"}],"predecessor-version":[{"id":665,"href":"https:\/\/lechappee-oudon.fr\/index.php?rest_route=\/wp\/v2\/pages\/2\/revisions\/665"}],"wp:attachment":[{"href":"https:\/\/lechappee-oudon.fr\/index.php?rest_route=%2Fwp%2Fv2%2Fmedia&parent=2"}],"curies":[{"name":"wp","href":"https:\/\/api.w.org\/{rel}","templated":true}]}}