{"id":211,"date":"2023-04-26T14:28:52","date_gmt":"2023-04-26T12:28:52","guid":{"rendered":"http:\/\/lechappee-oudon.fr\/?page_id=211"},"modified":"2025-06-05T11:09:59","modified_gmt":"2025-06-05T09:09:59","slug":"cadeaux","status":"publish","type":"page","link":"http:\/\/lechappee-oudon.fr\/?page_id=211","title":{"rendered":"Cave"},"content":{"rendered":"\t\t<div data-elementor-type=\"wp-page\" data-elementor-id=\"211\" class=\"elementor elementor-211\" data-elementor-post-type=\"page\">\n\t\t\t\t\t\t<section class=\"elementor-section elementor-top-section elementor-element elementor-element-c96e633 elementor-section-height-min-height elementor-section-boxed elementor-section-height-default elementor-section-items-middle\" data-id=\"c96e633\" data-element_type=\"section\" data-e-type=\"section\" data-settings=\"{&quot;jet_parallax_layout_list&quot;:[],&quot;background_background&quot;:&quot;classic&quot;}\">\n\t\t\t\t\t\t<div class=\"elementor-container elementor-column-gap-default\">\n\t\t\t\t\t<div class=\"elementor-column elementor-col-100 elementor-top-column elementor-element elementor-element-7a2b6c3\" data-id=\"7a2b6c3\" data-element_type=\"column\" data-e-type=\"column\">\n\t\t\t<div class=\"elementor-widget-wrap\">\n\t\t\t\t\t\t\t<\/div>\n\t\t<\/div>\n\t\t\t\t\t<\/div>\n\t\t<\/section>\n\t\t\t\t<section class=\"elementor-section elementor-top-section elementor-element elementor-element-48cfb680 elementor-section-boxed elementor-section-height-default elementor-section-height-default\" data-id=\"48cfb680\" data-element_type=\"section\" data-e-type=\"section\" data-settings=\"{&quot;jet_parallax_layout_list&quot;:[]}\">\n\t\t\t\t\t\t<div class=\"elementor-container elementor-column-gap-default\">\n\t\t\t\t\t<div class=\"elementor-column elementor-col-100 elementor-top-column elementor-element elementor-element-a70a948\" data-id=\"a70a948\" data-element_type=\"column\" data-e-type=\"column\">\n\t\t\t<div class=\"elementor-widget-wrap elementor-element-populated\">\n\t\t\t\t\t\t<div class=\"elementor-element elementor-element-4e424371 elementor-widget elementor-widget-heading\" data-id=\"4e424371\" data-element_type=\"widget\" data-e-type=\"widget\" data-widget_type=\"heading.default\">\n\t\t\t\t<div class=\"elementor-widget-container\">\n\t\t\t\t\t<h2 class=\"elementor-heading-title elementor-size-default\">Notre cave<\/h2>\t\t\t\t<\/div>\n\t\t\t\t<\/div>\n\t\t\t\t<div class=\"elementor-element elementor-element-4d372311 elementor-widget-divider--view-line_icon elementor-view-default elementor-widget-divider--element-align-center elementor-widget elementor-widget-divider\" data-id=\"4d372311\" data-element_type=\"widget\" data-e-type=\"widget\" data-widget_type=\"divider.default\">\n\t\t\t\t<div class=\"elementor-widget-container\">\n\t\t\t\t\t\t\t<div class=\"elementor-divider\">\n\t\t\t<span class=\"elementor-divider-separator\">\n\t\t\t\t\t\t\t<div class=\"elementor-icon elementor-divider__element\">\n\t\t\t\t\t<i aria-hidden=\"true\" class=\"fas fa-store-alt\"><\/i><\/div>\n\t\t\t\t\t\t<\/span>\n\t\t<\/div>\n\t\t\t\t\t\t<\/div>\n\t\t\t\t<\/div>\n\t\t\t\t<div class=\"elementor-element elementor-element-6a9c22ad elementor-widget elementor-widget-text-editor\" data-id=\"6a9c22ad\" data-element_type=\"widget\" data-e-type=\"widget\" data-widget_type=\"text-editor.default\">\n\t\t\t\t<div class=\"elementor-widget-container\">\n\t\t\t\t\t\t\t\t\t<span id=\"p31\">Notre cave est l&rsquo;endroit id\u00e9al pour les amateurs de vin et de boissons artisanales.<\/span><span id=\"p32\">\u00a0Nous proposons une s\u00e9lection de vins vari\u00e9e ainsi que des bi\u00e8res et autres ap\u00e9ritifs pour accompagner tous les types de repas ou de f\u00eate.<\/span><span id=\"p33\">\u00a0Nous offrons \u00e9galement des id\u00e9es de cadeaux pour toutes les occasions, des bouteilles de vin uniques aux paniers garnis remplis de d\u00e9lices locaux \u00e0 d\u00e9guster.<\/span><span id=\"p34\">\u00a0Si vous cherchez le cadeau parfait ou vous souhaitez simplement vous faire plaisir, la cave de l&rsquo;\u00c9chapp\u00e9e r\u00e9pondra parfaitement \u00e0 vos envies.<\/span>\t\t\t\t\t\t\t\t<\/div>\n\t\t\t\t<\/div>\n\t\t\t\t<div class=\"elementor-element elementor-element-a9b079b elementor-align-center elementor-widget elementor-widget-button\" data-id=\"a9b079b\" data-element_type=\"widget\" data-e-type=\"widget\" data-widget_type=\"button.default\">\n\t\t\t\t<div class=\"elementor-widget-container\">\n\t\t\t\t\t\t\t\t\t<div class=\"elementor-button-wrapper\">\n\t\t\t\t\t<a class=\"elementor-button elementor-button-link elementor-size-sm\" href=\"http:\/\/lechappee-oudon.fr\/?page_id=198\">\n\t\t\t\t\t\t<span class=\"elementor-button-content-wrapper\">\n\t\t\t\t\t\t<span class=\"elementor-button-icon\">\n\t\t\t\t<i aria-hidden=\"true\" class=\"fas fa-long-arrow-alt-right\"><\/i>\t\t\t<\/span>\n\t\t\t\t\t\t\t\t\t<span class=\"elementor-button-text\">Venez d\u00e9gustez nos produit<\/span>\n\t\t\t\t\t<\/span>\n\t\t\t\t\t<\/a>\n\t\t\t\t<\/div>\n\t\t\t\t\t\t\t\t<\/div>\n\t\t\t\t<\/div>\n\t\t\t\t<div class=\"elementor-element elementor-element-52dc084 elementor-widget elementor-widget-spacer\" data-id=\"52dc084\" data-element_type=\"widget\" data-e-type=\"widget\" data-widget_type=\"spacer.default\">\n\t\t\t\t<div class=\"elementor-widget-container\">\n\t\t\t\t\t\t\t<div class=\"elementor-spacer\">\n\t\t\t<div class=\"elementor-spacer-inner\"><\/div>\n\t\t<\/div>\n\t\t\t\t\t\t<\/div>\n\t\t\t\t<\/div>\n\t\t\t\t<div class=\"elementor-element elementor-element-13090fd elementor-widget elementor-widget-gallery\" data-id=\"13090fd\" data-element_type=\"widget\" data-e-type=\"widget\" data-settings=\"{&quot;gap&quot;:{&quot;unit&quot;:&quot;px&quot;,&quot;size&quot;:18,&quot;sizes&quot;:[]},&quot;lazyload&quot;:&quot;yes&quot;,&quot;gallery_layout&quot;:&quot;grid&quot;,&quot;columns&quot;:4,&quot;columns_tablet&quot;:2,&quot;columns_mobile&quot;:1,&quot;gap_tablet&quot;:{&quot;unit&quot;:&quot;px&quot;,&quot;size&quot;:10,&quot;sizes&quot;:[]},&quot;gap_mobile&quot;:{&quot;unit&quot;:&quot;px&quot;,&quot;size&quot;:10,&quot;sizes&quot;:[]},&quot;link_to&quot;:&quot;file&quot;,&quot;aspect_ratio&quot;:&quot;3:2&quot;,&quot;overlay_background&quot;:&quot;yes&quot;,&quot;content_hover_animation&quot;:&quot;fade-in&quot;}\" data-widget_type=\"gallery.default\">\n\t\t\t\t<div class=\"elementor-widget-container\">\n\t\t\t\t\t\t\t<div class=\"elementor-gallery__container\">\n\t\t\t\t\t\t\t<a class=\"e-gallery-item elementor-gallery-item elementor-animated-content\" href=\"http:\/\/lechappee-oudon.fr\/wp-content\/uploads\/2022\/12\/epicerie-oudon-loire-atlantique.jpg\" data-elementor-open-lightbox=\"yes\" data-elementor-lightbox-slideshow=\"13090fd\" data-elementor-lightbox-title=\"epicerie-oudon-loire-atlantique\" data-e-action-hash=\"#elementor-action%3Aaction%3Dlightbox%26settings%3DeyJpZCI6MjQ1LCJ1cmwiOiJodHRwOlwvXC9sZWNoYXBwZWUtb3Vkb24uZnJcL3dwLWNvbnRlbnRcL3VwbG9hZHNcLzIwMjJcLzEyXC9lcGljZXJpZS1vdWRvbi1sb2lyZS1hdGxhbnRpcXVlLmpwZyIsInNsaWRlc2hvdyI6IjEzMDkwZmQifQ%3D%3D\">\n\t\t\t\t\t<div class=\"e-gallery-image elementor-gallery-item__image\" data-thumbnail=\"http:\/\/lechappee-oudon.fr\/wp-content\/uploads\/2022\/12\/epicerie-oudon-loire-atlantique.jpg\" data-width=\"382\" data-height=\"510\" aria-label=\"\" role=\"img\" ><\/div>\n\t\t\t\t\t\t\t\t\t\t\t<div class=\"elementor-gallery-item__overlay\"><\/div>\n\t\t\t\t\t\t\t\t\t\t\t\t\t\t<\/a>\n\t\t\t\t\t\t\t<a class=\"e-gallery-item elementor-gallery-item elementor-animated-content\" href=\"http:\/\/lechappee-oudon.fr\/wp-content\/uploads\/2025\/05\/IMG_0013-3-1-scaled.jpg\" data-elementor-open-lightbox=\"yes\" data-elementor-lightbox-slideshow=\"13090fd\" data-elementor-lightbox-title=\"IMG_0013 3\" data-e-action-hash=\"#elementor-action%3Aaction%3Dlightbox%26settings%3DeyJpZCI6Njg5LCJ1cmwiOiJodHRwOlwvXC9sZWNoYXBwZWUtb3Vkb24uZnJcL3dwLWNvbnRlbnRcL3VwbG9hZHNcLzIwMjVcLzA1XC9JTUdfMDAxMy0zLTEtc2NhbGVkLmpwZyIsInNsaWRlc2hvdyI6IjEzMDkwZmQifQ%3D%3D\">\n\t\t\t\t\t<div class=\"e-gallery-image elementor-gallery-item__image\" data-thumbnail=\"http:\/\/lechappee-oudon.fr\/wp-content\/uploads\/2025\/05\/IMG_0013-3-1-768x1024.jpg\" data-width=\"768\" data-height=\"1024\" aria-label=\"\" role=\"img\" ><\/div>\n\t\t\t\t\t\t\t\t\t\t\t<div class=\"elementor-gallery-item__overlay\"><\/div>\n\t\t\t\t\t\t\t\t\t\t\t\t\t\t<\/a>\n\t\t\t\t\t\t\t<a class=\"e-gallery-item elementor-gallery-item elementor-animated-content\" href=\"http:\/\/lechappee-oudon.fr\/wp-content\/uploads\/2025\/05\/IMG_0019-3-1-scaled.jpg\" data-elementor-open-lightbox=\"yes\" data-elementor-lightbox-slideshow=\"13090fd\" data-elementor-lightbox-title=\"IMG_0019 3\" data-e-action-hash=\"#elementor-action%3Aaction%3Dlightbox%26settings%3DeyJpZCI6NjkyLCJ1cmwiOiJodHRwOlwvXC9sZWNoYXBwZWUtb3Vkb24uZnJcL3dwLWNvbnRlbnRcL3VwbG9hZHNcLzIwMjVcLzA1XC9JTUdfMDAxOS0zLTEtc2NhbGVkLmpwZyIsInNsaWRlc2hvdyI6IjEzMDkwZmQifQ%3D%3D\">\n\t\t\t\t\t<div class=\"e-gallery-image elementor-gallery-item__image\" data-thumbnail=\"http:\/\/lechappee-oudon.fr\/wp-content\/uploads\/2025\/05\/IMG_0019-3-1-768x1024.jpg\" data-width=\"768\" data-height=\"1024\" aria-label=\"\" role=\"img\" ><\/div>\n\t\t\t\t\t\t\t\t\t\t\t<div class=\"elementor-gallery-item__overlay\"><\/div>\n\t\t\t\t\t\t\t\t\t\t\t\t\t\t<\/a>\n\t\t\t\t\t\t\t<a class=\"e-gallery-item elementor-gallery-item elementor-animated-content\" href=\"http:\/\/lechappee-oudon.fr\/wp-content\/uploads\/2025\/05\/13-scaled.jpg\" data-elementor-open-lightbox=\"yes\" data-elementor-lightbox-slideshow=\"13090fd\" data-elementor-lightbox-title=\"13\" data-e-action-hash=\"#elementor-action%3Aaction%3Dlightbox%26settings%3DeyJpZCI6NjkzLCJ1cmwiOiJodHRwOlwvXC9sZWNoYXBwZWUtb3Vkb24uZnJcL3dwLWNvbnRlbnRcL3VwbG9hZHNcLzIwMjVcLzA1XC8xMy1zY2FsZWQuanBnIiwic2xpZGVzaG93IjoiMTMwOTBmZCJ9\">\n\t\t\t\t\t<div class=\"e-gallery-image elementor-gallery-item__image\" data-thumbnail=\"http:\/\/lechappee-oudon.fr\/wp-content\/uploads\/2025\/05\/13-768x464.jpg\" data-width=\"768\" data-height=\"464\" aria-label=\"\" role=\"img\" ><\/div>\n\t\t\t\t\t\t\t\t\t\t\t<div class=\"elementor-gallery-item__overlay\"><\/div>\n\t\t\t\t\t\t\t\t\t\t\t\t\t\t<\/a>\n\t\t\t\t\t<\/div>\n\t\t\t\t\t<\/div>\n\t\t\t\t<\/div>\n\t\t\t\t\t<\/div>\n\t\t<\/div>\n\t\t\t\t\t<\/div>\n\t\t<\/section>\n\t\t\t\t<\/div>\n\t\t","protected":false},"excerpt":{"rendered":"<p>Notre cave Notre cave est l&rsquo;endroit id\u00e9al pour les amateurs de vin et de boissons artisanales.\u00a0Nous proposons une s\u00e9lection de vins vari\u00e9e ainsi que des bi\u00e8res et autres ap\u00e9ritifs pour accompagner tous les types de repas ou de f\u00eate.\u00a0Nous offrons \u00e9galement des id\u00e9es de cadeaux pour toutes les occasions, des bouteilles de vin uniques aux [&hellip;]<\/p>\n","protected":false},"author":1,"featured_media":0,"parent":0,"menu_order":0,"comment_status":"closed","ping_status":"closed","template":"","meta":{"footnotes":""},"class_list":["post-211","page","type-page","status-publish","hentry"],"yoast_head":"<!-- This site is optimized with the Yoast SEO plugin v27.5 - https:\/\/yoast.com\/product\/yoast-seo-wordpress\/ -->\n<title>Cave - L&#039;\u00e9chapp\u00e9e, boutique gourmande \u00e0 Oudon<\/title>\n<meta name=\"robots\" content=\"index, follow, max-snippet:-1, max-image-preview:large, max-video-preview:-1\" \/>\n<link rel=\"canonical\" href=\"http:\/\/lechappee-oudon.fr\/?page_id=211\" \/>\n<meta property=\"og:locale\" content=\"fr_FR\" \/>\n<meta property=\"og:type\" content=\"article\" \/>\n<meta property=\"og:title\" content=\"Cave - L&#039;\u00e9chapp\u00e9e, boutique gourmande \u00e0 Oudon\" \/>\n<meta property=\"og:description\" content=\"Notre cave Notre cave est l&rsquo;endroit id\u00e9al pour les amateurs de vin et de boissons artisanales.\u00a0Nous proposons une s\u00e9lection de vins vari\u00e9e ainsi que des bi\u00e8res et autres ap\u00e9ritifs pour accompagner tous les types de repas ou de f\u00eate.\u00a0Nous offrons \u00e9galement des id\u00e9es de cadeaux pour toutes les occasions, des bouteilles de vin uniques aux [&hellip;]\" \/>\n<meta property=\"og:url\" content=\"http:\/\/lechappee-oudon.fr\/?page_id=211\" \/>\n<meta property=\"og:site_name\" content=\"L&#039;\u00e9chapp\u00e9e, boutique gourmande \u00e0 Oudon\" \/>\n<meta property=\"article:modified_time\" content=\"2025-06-05T09:09:59+00:00\" \/>\n<meta name=\"twitter:card\" content=\"summary_large_image\" \/>\n<meta name=\"twitter:label1\" content=\"Dur\u00e9e de lecture estim\u00e9e\" \/>\n\t<meta name=\"twitter:data1\" content=\"1 minute\" \/>\n<script type=\"application\/ld+json\" class=\"yoast-schema-graph\">{\"@context\":\"https:\\\/\\\/schema.org\",\"@graph\":[{\"@type\":\"WebPage\",\"@id\":\"http:\\\/\\\/lechappee-oudon.fr\\\/?page_id=211\",\"url\":\"http:\\\/\\\/lechappee-oudon.fr\\\/?page_id=211\",\"name\":\"Cave - L&#039;\u00e9chapp\u00e9e, boutique gourmande \u00e0 Oudon\",\"isPartOf\":{\"@id\":\"http:\\\/\\\/lechappee-oudon.fr\\\/#website\"},\"datePublished\":\"2023-04-26T12:28:52+00:00\",\"dateModified\":\"2025-06-05T09:09:59+00:00\",\"breadcrumb\":{\"@id\":\"http:\\\/\\\/lechappee-oudon.fr\\\/?page_id=211#breadcrumb\"},\"inLanguage\":\"fr-FR\",\"potentialAction\":[{\"@type\":\"ReadAction\",\"target\":[\"http:\\\/\\\/lechappee-oudon.fr\\\/?page_id=211\"]}]},{\"@type\":\"BreadcrumbList\",\"@id\":\"http:\\\/\\\/lechappee-oudon.fr\\\/?page_id=211#breadcrumb\",\"itemListElement\":[{\"@type\":\"ListItem\",\"position\":1,\"name\":\"Accueil\",\"item\":\"http:\\\/\\\/lechappee-oudon.fr\\\/\"},{\"@type\":\"ListItem\",\"position\":2,\"name\":\"Cave\"}]},{\"@type\":\"WebSite\",\"@id\":\"http:\\\/\\\/lechappee-oudon.fr\\\/#website\",\"url\":\"http:\\\/\\\/lechappee-oudon.fr\\\/\",\"name\":\"L&#039;\u00e9chapp\u00e9e, boutique gourmande \u00e0 Oudon\",\"description\":\"Un site utilisant WordPress\",\"publisher\":{\"@id\":\"http:\\\/\\\/lechappee-oudon.fr\\\/#organization\"},\"potentialAction\":[{\"@type\":\"SearchAction\",\"target\":{\"@type\":\"EntryPoint\",\"urlTemplate\":\"http:\\\/\\\/lechappee-oudon.fr\\\/?s={search_term_string}\"},\"query-input\":{\"@type\":\"PropertyValueSpecification\",\"valueRequired\":true,\"valueName\":\"search_term_string\"}}],\"inLanguage\":\"fr-FR\"},{\"@type\":\"Organization\",\"@id\":\"http:\\\/\\\/lechappee-oudon.fr\\\/#organization\",\"name\":\"L&#039;\u00e9chapp\u00e9e, boutique gourmande \u00e0 Oudon\",\"url\":\"http:\\\/\\\/lechappee-oudon.fr\\\/\",\"logo\":{\"@type\":\"ImageObject\",\"inLanguage\":\"fr-FR\",\"@id\":\"http:\\\/\\\/lechappee-oudon.fr\\\/#\\\/schema\\\/logo\\\/image\\\/\",\"url\":\"http:\\\/\\\/lechappee-oudon.fr\\\/wp-content\\\/uploads\\\/2022\\\/12\\\/epicerie-oudon-lechappee.png\",\"contentUrl\":\"http:\\\/\\\/lechappee-oudon.fr\\\/wp-content\\\/uploads\\\/2022\\\/12\\\/epicerie-oudon-lechappee.png\",\"width\":1248,\"height\":610,\"caption\":\"L&#039;\u00e9chapp\u00e9e, boutique gourmande \u00e0 Oudon\"},\"image\":{\"@id\":\"http:\\\/\\\/lechappee-oudon.fr\\\/#\\\/schema\\\/logo\\\/image\\\/\"}}]}<\/script>\n<!-- \/ Yoast SEO plugin. -->","yoast_head_json":{"title":"Cave - L&#039;\u00e9chapp\u00e9e, boutique gourmande \u00e0 Oudon","robots":{"index":"index","follow":"follow","max-snippet":"max-snippet:-1","max-image-preview":"max-image-preview:large","max-video-preview":"max-video-preview:-1"},"canonical":"http:\/\/lechappee-oudon.fr\/?page_id=211","og_locale":"fr_FR","og_type":"article","og_title":"Cave - L&#039;\u00e9chapp\u00e9e, boutique gourmande \u00e0 Oudon","og_description":"Notre cave Notre cave est l&rsquo;endroit id\u00e9al pour les amateurs de vin et de boissons artisanales.\u00a0Nous proposons une s\u00e9lection de vins vari\u00e9e ainsi que des bi\u00e8res et autres ap\u00e9ritifs pour accompagner tous les types de repas ou de f\u00eate.\u00a0Nous offrons \u00e9galement des id\u00e9es de cadeaux pour toutes les occasions, des bouteilles de vin uniques aux [&hellip;]","og_url":"http:\/\/lechappee-oudon.fr\/?page_id=211","og_site_name":"L&#039;\u00e9chapp\u00e9e, boutique gourmande \u00e0 Oudon","article_modified_time":"2025-06-05T09:09:59+00:00","twitter_card":"summary_large_image","twitter_misc":{"Dur\u00e9e de lecture estim\u00e9e":"1 minute"},"schema":{"@context":"https:\/\/schema.org","@graph":[{"@type":"WebPage","@id":"http:\/\/lechappee-oudon.fr\/?page_id=211","url":"http:\/\/lechappee-oudon.fr\/?page_id=211","name":"Cave - L&#039;\u00e9chapp\u00e9e, boutique gourmande \u00e0 Oudon","isPartOf":{"@id":"http:\/\/lechappee-oudon.fr\/#website"},"datePublished":"2023-04-26T12:28:52+00:00","dateModified":"2025-06-05T09:09:59+00:00","breadcrumb":{"@id":"http:\/\/lechappee-oudon.fr\/?page_id=211#breadcrumb"},"inLanguage":"fr-FR","potentialAction":[{"@type":"ReadAction","target":["http:\/\/lechappee-oudon.fr\/?page_id=211"]}]},{"@type":"BreadcrumbList","@id":"http:\/\/lechappee-oudon.fr\/?page_id=211#breadcrumb","itemListElement":[{"@type":"ListItem","position":1,"name":"Accueil","item":"http:\/\/lechappee-oudon.fr\/"},{"@type":"ListItem","position":2,"name":"Cave"}]},{"@type":"WebSite","@id":"http:\/\/lechappee-oudon.fr\/#website","url":"http:\/\/lechappee-oudon.fr\/","name":"L&#039;\u00e9chapp\u00e9e, boutique gourmande \u00e0 Oudon","description":"Un site utilisant WordPress","publisher":{"@id":"http:\/\/lechappee-oudon.fr\/#organization"},"potentialAction":[{"@type":"SearchAction","target":{"@type":"EntryPoint","urlTemplate":"http:\/\/lechappee-oudon.fr\/?s={search_term_string}"},"query-input":{"@type":"PropertyValueSpecification","valueRequired":true,"valueName":"search_term_string"}}],"inLanguage":"fr-FR"},{"@type":"Organization","@id":"http:\/\/lechappee-oudon.fr\/#organization","name":"L&#039;\u00e9chapp\u00e9e, boutique gourmande \u00e0 Oudon","url":"http:\/\/lechappee-oudon.fr\/","logo":{"@type":"ImageObject","inLanguage":"fr-FR","@id":"http:\/\/lechappee-oudon.fr\/#\/schema\/logo\/image\/","url":"http:\/\/lechappee-oudon.fr\/wp-content\/uploads\/2022\/12\/epicerie-oudon-lechappee.png","contentUrl":"http:\/\/lechappee-oudon.fr\/wp-content\/uploads\/2022\/12\/epicerie-oudon-lechappee.png","width":1248,"height":610,"caption":"L&#039;\u00e9chapp\u00e9e, boutique gourmande \u00e0 Oudon"},"image":{"@id":"http:\/\/lechappee-oudon.fr\/#\/schema\/logo\/image\/"}}]}},"_links":{"self":[{"href":"http:\/\/lechappee-oudon.fr\/index.php?rest_route=\/wp\/v2\/pages\/211","targetHints":{"allow":["GET"]}}],"collection":[{"href":"http:\/\/lechappee-oudon.fr\/index.php?rest_route=\/wp\/v2\/pages"}],"about":[{"href":"http:\/\/lechappee-oudon.fr\/index.php?rest_route=\/wp\/v2\/types\/page"}],"author":[{"embeddable":true,"href":"http:\/\/lechappee-oudon.fr\/index.php?rest_route=\/wp\/v2\/users\/1"}],"replies":[{"embeddable":true,"href":"http:\/\/lechappee-oudon.fr\/index.php?rest_route=%2Fwp%2Fv2%2Fcomments&post=211"}],"version-history":[{"count":38,"href":"http:\/\/lechappee-oudon.fr\/index.php?rest_route=\/wp\/v2\/pages\/211\/revisions"}],"predecessor-version":[{"id":892,"href":"http:\/\/lechappee-oudon.fr\/index.php?rest_route=\/wp\/v2\/pages\/211\/revisions\/892"}],"wp:attachment":[{"href":"http:\/\/lechappee-oudon.fr\/index.php?rest_route=%2Fwp%2Fv2%2Fmedia&parent=211"}],"curies":[{"name":"wp","href":"https:\/\/api.w.org\/{rel}","templated":true}]}}