{"id":170,"date":"2023-03-08T11:06:31","date_gmt":"2023-03-08T10:06:31","guid":{"rendered":"https:\/\/lechappee-oudon.fr\/?page_id=170"},"modified":"2025-05-28T10:08:33","modified_gmt":"2025-05-28T08:08:33","slug":"boutique","status":"publish","type":"page","link":"http:\/\/lechappee-oudon.fr\/?page_id=170","title":{"rendered":"Boutique"},"content":{"rendered":"\t\t<div data-elementor-type=\"wp-page\" data-elementor-id=\"170\" class=\"elementor elementor-170\" data-elementor-post-type=\"page\">\n\t\t\t\t\t\t<section class=\"elementor-section elementor-top-section elementor-element elementor-element-45e6677 elementor-section-height-min-height elementor-section-boxed elementor-section-height-default elementor-section-items-middle\" data-id=\"45e6677\" data-element_type=\"section\" data-e-type=\"section\" data-settings=\"{&quot;jet_parallax_layout_list&quot;:[]}\">\n\t\t\t\t\t\t<div class=\"elementor-container elementor-column-gap-default\">\n\t\t\t\t\t<div class=\"elementor-column elementor-col-100 elementor-top-column elementor-element elementor-element-c577f35\" data-id=\"c577f35\" data-element_type=\"column\" data-e-type=\"column\">\n\t\t\t<div class=\"elementor-widget-wrap\">\n\t\t\t\t\t\t\t<\/div>\n\t\t<\/div>\n\t\t\t\t\t<\/div>\n\t\t<\/section>\n\t\t\t\t<section class=\"elementor-section elementor-top-section elementor-element elementor-element-c6b0d65 elementor-section-height-min-height elementor-section-boxed elementor-section-height-default elementor-section-items-middle\" data-id=\"c6b0d65\" data-element_type=\"section\" data-e-type=\"section\" data-settings=\"{&quot;jet_parallax_layout_list&quot;:[],&quot;background_background&quot;:&quot;classic&quot;}\">\n\t\t\t\t\t\t<div class=\"elementor-container elementor-column-gap-default\">\n\t\t\t\t\t<div class=\"elementor-column elementor-col-100 elementor-top-column elementor-element elementor-element-334c51f\" data-id=\"334c51f\" data-element_type=\"column\" data-e-type=\"column\">\n\t\t\t<div class=\"elementor-widget-wrap\">\n\t\t\t\t\t\t\t<\/div>\n\t\t<\/div>\n\t\t\t\t\t<\/div>\n\t\t<\/section>\n\t\t\t\t<section class=\"elementor-section elementor-top-section elementor-element elementor-element-5cd3e12 elementor-section-boxed elementor-section-height-default elementor-section-height-default\" data-id=\"5cd3e12\" data-element_type=\"section\" data-e-type=\"section\" data-settings=\"{&quot;jet_parallax_layout_list&quot;:[]}\">\n\t\t\t\t\t\t<div class=\"elementor-container elementor-column-gap-default\">\n\t\t\t\t\t<div class=\"elementor-column elementor-col-100 elementor-top-column elementor-element elementor-element-bf44532\" data-id=\"bf44532\" data-element_type=\"column\" data-e-type=\"column\">\n\t\t\t<div class=\"elementor-widget-wrap elementor-element-populated\">\n\t\t\t\t\t\t<div class=\"elementor-element elementor-element-d098aab elementor-widget elementor-widget-heading\" data-id=\"d098aab\" data-element_type=\"widget\" data-e-type=\"widget\" data-widget_type=\"heading.default\">\n\t\t\t\t<div class=\"elementor-widget-container\">\n\t\t\t\t\t<h2 class=\"elementor-heading-title elementor-size-default\">Nos produits<\/h2>\t\t\t\t<\/div>\n\t\t\t\t<\/div>\n\t\t\t\t<div class=\"elementor-element elementor-element-b94c92e elementor-widget-divider--view-line_icon elementor-view-default elementor-widget-divider--element-align-center elementor-widget elementor-widget-divider\" data-id=\"b94c92e\" data-element_type=\"widget\" data-e-type=\"widget\" data-widget_type=\"divider.default\">\n\t\t\t\t<div class=\"elementor-widget-container\">\n\t\t\t\t\t\t\t<div class=\"elementor-divider\">\n\t\t\t<span class=\"elementor-divider-separator\">\n\t\t\t\t\t\t\t<div class=\"elementor-icon elementor-divider__element\">\n\t\t\t\t\t<i aria-hidden=\"true\" class=\"fas fa-store-alt\"><\/i><\/div>\n\t\t\t\t\t\t<\/span>\n\t\t<\/div>\n\t\t\t\t\t\t<\/div>\n\t\t\t\t<\/div>\n\t\t\t\t<div class=\"elementor-element elementor-element-06486a2 elementor-widget elementor-widget-text-editor\" data-id=\"06486a2\" data-element_type=\"widget\" data-e-type=\"widget\" data-widget_type=\"text-editor.default\">\n\t\t\t\t<div class=\"elementor-widget-container\">\n\t\t\t\t\t\t\t\t\t<p>\u00c0 l&rsquo;\u00c9chapp\u00e9e chaque produit que nous vous proposons a \u00e9t\u00e9 s\u00e9lectionn\u00e9 directement aupr\u00e8s de son producteur\/fournisseur. Nous avons \u00e0 c\u0153ur d&rsquo;\u00e9viter au maximum les interm\u00e9diaires de fa\u00e7on \u00e0 favoriser le lien avec le tissu local. Ce choix de travailler au plus pr\u00e8s des producteurs permet une meilleure tra\u00e7abilit\u00e9 des produits et permet \u00e9galement de mieux vous conseiller.<\/p><p>Notre charmante boutique vous offrira un large de choix de produits, comme du vins, de la bi\u00e8res ou encore des produits fran\u00e7ais \u00e0 venir d\u00e9guster. Venez d\u00e9couvrir notre s\u00e9lection et profitez de nos conseils avis\u00e9s pour vos achats et vos cadeaux.<\/p>\t\t\t\t\t\t\t\t<\/div>\n\t\t\t\t<\/div>\n\t\t\t\t<div class=\"elementor-element elementor-element-8ebfa0d elementor-align-center elementor-widget elementor-widget-button\" data-id=\"8ebfa0d\" data-element_type=\"widget\" data-e-type=\"widget\" data-widget_type=\"button.default\">\n\t\t\t\t<div class=\"elementor-widget-container\">\n\t\t\t\t\t\t\t\t\t<div class=\"elementor-button-wrapper\">\n\t\t\t\t\t<a class=\"elementor-button elementor-button-link elementor-size-sm\" href=\"http:\/\/lechappee-oudon.fr\/?page_id=206\">\n\t\t\t\t\t\t<span class=\"elementor-button-content-wrapper\">\n\t\t\t\t\t\t<span class=\"elementor-button-icon\">\n\t\t\t\t<i aria-hidden=\"true\" class=\"fas fa-long-arrow-alt-right\"><\/i>\t\t\t<\/span>\n\t\t\t\t\t\t\t\t\t<span class=\"elementor-button-text\">D\u00e9couvrez nos id\u00e9es cadeaux<\/span>\n\t\t\t\t\t<\/span>\n\t\t\t\t\t<\/a>\n\t\t\t\t<\/div>\n\t\t\t\t\t\t\t\t<\/div>\n\t\t\t\t<\/div>\n\t\t\t\t\t<\/div>\n\t\t<\/div>\n\t\t\t\t\t<\/div>\n\t\t<\/section>\n\t\t\t\t<section class=\"elementor-section elementor-top-section elementor-element elementor-element-a632a33 elementor-section-boxed elementor-section-height-default elementor-section-height-default\" data-id=\"a632a33\" data-element_type=\"section\" data-e-type=\"section\" data-settings=\"{&quot;jet_parallax_layout_list&quot;:[]}\">\n\t\t\t\t\t\t<div class=\"elementor-container elementor-column-gap-no\">\n\t\t\t\t\t<div class=\"elementor-column elementor-col-100 elementor-top-column elementor-element elementor-element-8ece4f9\" data-id=\"8ece4f9\" data-element_type=\"column\" data-e-type=\"column\">\n\t\t\t<div class=\"elementor-widget-wrap elementor-element-populated\">\n\t\t\t\t\t\t<section class=\"elementor-section elementor-inner-section elementor-element elementor-element-35b4ef4 elementor-section-height-min-height elementor-section-content-middle elementor-section-boxed elementor-section-height-default\" data-id=\"35b4ef4\" data-element_type=\"section\" data-e-type=\"section\" data-settings=\"{&quot;jet_parallax_layout_list&quot;:[],&quot;background_background&quot;:&quot;classic&quot;}\">\n\t\t\t\t\t\t<div class=\"elementor-container elementor-column-gap-no\">\n\t\t\t\t\t<div class=\"elementor-column elementor-col-33 elementor-inner-column elementor-element elementor-element-3b6d7c9\" data-id=\"3b6d7c9\" data-element_type=\"column\" data-e-type=\"column\" data-settings=\"{&quot;background_background&quot;:&quot;classic&quot;}\">\n\t\t\t<div class=\"elementor-widget-wrap elementor-element-populated\">\n\t\t\t\t\t\t<div class=\"elementor-element elementor-element-2aff30a elementor-widget elementor-widget-image\" data-id=\"2aff30a\" data-element_type=\"widget\" data-e-type=\"widget\" data-widget_type=\"image.default\">\n\t\t\t\t<div class=\"elementor-widget-container\">\n\t\t\t\t\t\t\t\t\t\t\t\t\t\t\t<img decoding=\"async\" width=\"116\" height=\"154\" src=\"http:\/\/lechappee-oudon.fr\/wp-content\/uploads\/2023\/05\/epicerie-oudon-lechappee-produits-locaux.png\" class=\"attachment-full size-full wp-image-430\" alt=\"\" \/>\t\t\t\t\t\t\t\t\t\t\t\t\t\t\t<\/div>\n\t\t\t\t<\/div>\n\t\t\t\t<div class=\"elementor-element elementor-element-77df9fe elementor-widget elementor-widget-heading\" data-id=\"77df9fe\" data-element_type=\"widget\" data-e-type=\"widget\" data-widget_type=\"heading.default\">\n\t\t\t\t<div class=\"elementor-widget-container\">\n\t\t\t\t\t<h3 class=\"elementor-heading-title elementor-size-default\">Produits fran\u00e7ais et artisanaux<\/h3>\t\t\t\t<\/div>\n\t\t\t\t<\/div>\n\t\t\t\t\t<\/div>\n\t\t<\/div>\n\t\t\t\t<div class=\"elementor-column elementor-col-33 elementor-inner-column elementor-element elementor-element-923be37\" data-id=\"923be37\" data-element_type=\"column\" data-e-type=\"column\" data-settings=\"{&quot;background_background&quot;:&quot;classic&quot;}\">\n\t\t\t<div class=\"elementor-widget-wrap elementor-element-populated\">\n\t\t\t\t\t\t<div class=\"elementor-element elementor-element-ea22070 elementor-widget elementor-widget-spacer\" data-id=\"ea22070\" data-element_type=\"widget\" data-e-type=\"widget\" data-widget_type=\"spacer.default\">\n\t\t\t\t<div class=\"elementor-widget-container\">\n\t\t\t\t\t\t\t<div class=\"elementor-spacer\">\n\t\t\t<div class=\"elementor-spacer-inner\"><\/div>\n\t\t<\/div>\n\t\t\t\t\t\t<\/div>\n\t\t\t\t<\/div>\n\t\t\t\t\t<\/div>\n\t\t<\/div>\n\t\t\t\t<div class=\"elementor-column elementor-col-33 elementor-inner-column elementor-element elementor-element-cfd7758\" data-id=\"cfd7758\" data-element_type=\"column\" data-e-type=\"column\" data-settings=\"{&quot;background_background&quot;:&quot;classic&quot;}\">\n\t\t\t<div class=\"elementor-widget-wrap elementor-element-populated\">\n\t\t\t\t\t\t<div class=\"elementor-element elementor-element-2621197 elementor-widget elementor-widget-image\" data-id=\"2621197\" data-element_type=\"widget\" data-e-type=\"widget\" data-widget_type=\"image.default\">\n\t\t\t\t<div class=\"elementor-widget-container\">\n\t\t\t\t\t\t\t\t\t\t\t\t\t\t\t<img decoding=\"async\" width=\"182\" height=\"159\" src=\"http:\/\/lechappee-oudon.fr\/wp-content\/uploads\/2023\/05\/epicerie-oudon-lechappee-produits-ecoresponsable.png\" class=\"attachment-full size-full wp-image-436\" alt=\"\" \/>\t\t\t\t\t\t\t\t\t\t\t\t\t\t\t<\/div>\n\t\t\t\t<\/div>\n\t\t\t\t<div class=\"elementor-element elementor-element-474e1a1 elementor-widget elementor-widget-heading\" data-id=\"474e1a1\" data-element_type=\"widget\" data-e-type=\"widget\" data-widget_type=\"heading.default\">\n\t\t\t\t<div class=\"elementor-widget-container\">\n\t\t\t\t\t<h3 class=\"elementor-heading-title elementor-size-default\">Boutique \u00e9co-responsable<\/h3>\t\t\t\t<\/div>\n\t\t\t\t<\/div>\n\t\t\t\t\t<\/div>\n\t\t<\/div>\n\t\t\t\t\t<\/div>\n\t\t<\/section>\n\t\t\t\t<section class=\"elementor-section elementor-inner-section elementor-element elementor-element-1cc21a5 elementor-section-height-min-height elementor-section-content-middle elementor-section-boxed elementor-section-height-default\" data-id=\"1cc21a5\" data-element_type=\"section\" data-e-type=\"section\" data-settings=\"{&quot;jet_parallax_layout_list&quot;:[]}\">\n\t\t\t\t\t\t<div class=\"elementor-container elementor-column-gap-no\">\n\t\t\t\t\t<div class=\"elementor-column elementor-col-33 elementor-inner-column elementor-element elementor-element-95199e1\" data-id=\"95199e1\" data-element_type=\"column\" data-e-type=\"column\" data-settings=\"{&quot;background_background&quot;:&quot;classic&quot;}\">\n\t\t\t<div class=\"elementor-widget-wrap elementor-element-populated\">\n\t\t\t\t\t\t<div class=\"elementor-element elementor-element-1a71bda elementor-widget elementor-widget-spacer\" data-id=\"1a71bda\" data-element_type=\"widget\" data-e-type=\"widget\" data-widget_type=\"spacer.default\">\n\t\t\t\t<div class=\"elementor-widget-container\">\n\t\t\t\t\t\t\t<div class=\"elementor-spacer\">\n\t\t\t<div class=\"elementor-spacer-inner\"><\/div>\n\t\t<\/div>\n\t\t\t\t\t\t<\/div>\n\t\t\t\t<\/div>\n\t\t\t\t\t<\/div>\n\t\t<\/div>\n\t\t\t\t<div class=\"elementor-column elementor-col-33 elementor-inner-column elementor-element elementor-element-c3e99a8\" data-id=\"c3e99a8\" data-element_type=\"column\" data-e-type=\"column\" data-settings=\"{&quot;background_background&quot;:&quot;classic&quot;}\">\n\t\t\t<div class=\"elementor-widget-wrap elementor-element-populated\">\n\t\t\t\t\t\t<div class=\"elementor-element elementor-element-96608e8 elementor-widget elementor-widget-image\" data-id=\"96608e8\" data-element_type=\"widget\" data-e-type=\"widget\" data-widget_type=\"image.default\">\n\t\t\t\t<div class=\"elementor-widget-container\">\n\t\t\t\t\t\t\t\t\t\t\t\t\t\t\t<img decoding=\"async\" width=\"179\" height=\"160\" src=\"http:\/\/lechappee-oudon.fr\/wp-content\/uploads\/2023\/05\/epicerie-oudon-lechappee-produits-maison.png\" class=\"attachment-full size-full wp-image-443\" alt=\"\" \/>\t\t\t\t\t\t\t\t\t\t\t\t\t\t\t<\/div>\n\t\t\t\t<\/div>\n\t\t\t\t<div class=\"elementor-element elementor-element-3777fab elementor-widget elementor-widget-spacer\" data-id=\"3777fab\" data-element_type=\"widget\" data-e-type=\"widget\" data-widget_type=\"spacer.default\">\n\t\t\t\t<div class=\"elementor-widget-container\">\n\t\t\t\t\t\t\t<div class=\"elementor-spacer\">\n\t\t\t<div class=\"elementor-spacer-inner\"><\/div>\n\t\t<\/div>\n\t\t\t\t\t\t<\/div>\n\t\t\t\t<\/div>\n\t\t\t\t<div class=\"elementor-element elementor-element-9394537 elementor-widget elementor-widget-heading\" data-id=\"9394537\" data-element_type=\"widget\" data-e-type=\"widget\" data-widget_type=\"heading.default\">\n\t\t\t\t<div class=\"elementor-widget-container\">\n\t\t\t\t\t<h3 class=\"elementor-heading-title elementor-size-default\">La tradition en bocal<\/h3>\t\t\t\t<\/div>\n\t\t\t\t<\/div>\n\t\t\t\t\t<\/div>\n\t\t<\/div>\n\t\t\t\t<div class=\"elementor-column elementor-col-33 elementor-inner-column elementor-element elementor-element-9ebe47b\" data-id=\"9ebe47b\" data-element_type=\"column\" data-e-type=\"column\" data-settings=\"{&quot;background_background&quot;:&quot;classic&quot;}\">\n\t\t\t<div class=\"elementor-widget-wrap elementor-element-populated\">\n\t\t\t\t\t\t<div class=\"elementor-element elementor-element-9143750 elementor-widget elementor-widget-spacer\" data-id=\"9143750\" data-element_type=\"widget\" data-e-type=\"widget\" data-widget_type=\"spacer.default\">\n\t\t\t\t<div class=\"elementor-widget-container\">\n\t\t\t\t\t\t\t<div class=\"elementor-spacer\">\n\t\t\t<div class=\"elementor-spacer-inner\"><\/div>\n\t\t<\/div>\n\t\t\t\t\t\t<\/div>\n\t\t\t\t<\/div>\n\t\t\t\t\t<\/div>\n\t\t<\/div>\n\t\t\t\t\t<\/div>\n\t\t<\/section>\n\t\t\t\t\t<\/div>\n\t\t<\/div>\n\t\t\t\t\t<\/div>\n\t\t<\/section>\n\t\t\t\t<\/div>\n\t\t","protected":false},"excerpt":{"rendered":"<p>Nos produits \u00c0 l&rsquo;\u00c9chapp\u00e9e chaque produit que nous vous proposons a \u00e9t\u00e9 s\u00e9lectionn\u00e9 directement aupr\u00e8s de son producteur\/fournisseur. Nous avons \u00e0 c\u0153ur d&rsquo;\u00e9viter au maximum les interm\u00e9diaires de fa\u00e7on \u00e0 favoriser le lien avec le tissu local. Ce choix de travailler au plus pr\u00e8s des producteurs permet une meilleure tra\u00e7abilit\u00e9 des produits et permet \u00e9galement [&hellip;]<\/p>\n","protected":false},"author":1,"featured_media":0,"parent":0,"menu_order":0,"comment_status":"closed","ping_status":"closed","template":"","meta":{"footnotes":""},"class_list":["post-170","page","type-page","status-publish","hentry"],"yoast_head":"<!-- This site is optimized with the Yoast SEO plugin v27.5 - https:\/\/yoast.com\/product\/yoast-seo-wordpress\/ -->\n<title>Boutique - L&#039;\u00e9chapp\u00e9e, boutique gourmande \u00e0 Oudon<\/title>\n<meta name=\"robots\" content=\"index, follow, max-snippet:-1, max-image-preview:large, max-video-preview:-1\" \/>\n<link rel=\"canonical\" href=\"http:\/\/lechappee-oudon.fr\/?page_id=170\" \/>\n<meta property=\"og:locale\" content=\"fr_FR\" \/>\n<meta property=\"og:type\" content=\"article\" \/>\n<meta property=\"og:title\" content=\"Boutique - L&#039;\u00e9chapp\u00e9e, boutique gourmande \u00e0 Oudon\" \/>\n<meta property=\"og:description\" content=\"Nos produits \u00c0 l&rsquo;\u00c9chapp\u00e9e chaque produit que nous vous proposons a \u00e9t\u00e9 s\u00e9lectionn\u00e9 directement aupr\u00e8s de son producteur\/fournisseur. Nous avons \u00e0 c\u0153ur d&rsquo;\u00e9viter au maximum les interm\u00e9diaires de fa\u00e7on \u00e0 favoriser le lien avec le tissu local. Ce choix de travailler au plus pr\u00e8s des producteurs permet une meilleure tra\u00e7abilit\u00e9 des produits et permet \u00e9galement [&hellip;]\" \/>\n<meta property=\"og:url\" content=\"http:\/\/lechappee-oudon.fr\/?page_id=170\" \/>\n<meta property=\"og:site_name\" content=\"L&#039;\u00e9chapp\u00e9e, boutique gourmande \u00e0 Oudon\" \/>\n<meta property=\"article:modified_time\" content=\"2025-05-28T08:08:33+00:00\" \/>\n<meta property=\"og:image\" content=\"http:\/\/lechappee-oudon.fr\/wp-content\/uploads\/2023\/05\/epicerie-oudon-lechappee-produits-locaux.png\" \/>\n<meta name=\"twitter:card\" content=\"summary_large_image\" \/>\n<meta name=\"twitter:label1\" content=\"Dur\u00e9e de lecture estim\u00e9e\" \/>\n\t<meta name=\"twitter:data1\" content=\"2 minutes\" \/>\n<script type=\"application\/ld+json\" class=\"yoast-schema-graph\">{\"@context\":\"https:\\\/\\\/schema.org\",\"@graph\":[{\"@type\":\"WebPage\",\"@id\":\"http:\\\/\\\/lechappee-oudon.fr\\\/?page_id=170\",\"url\":\"http:\\\/\\\/lechappee-oudon.fr\\\/?page_id=170\",\"name\":\"Boutique - L&#039;\u00e9chapp\u00e9e, boutique gourmande \u00e0 Oudon\",\"isPartOf\":{\"@id\":\"http:\\\/\\\/lechappee-oudon.fr\\\/#website\"},\"primaryImageOfPage\":{\"@id\":\"http:\\\/\\\/lechappee-oudon.fr\\\/?page_id=170#primaryimage\"},\"image\":{\"@id\":\"http:\\\/\\\/lechappee-oudon.fr\\\/?page_id=170#primaryimage\"},\"thumbnailUrl\":\"http:\\\/\\\/lechappee-oudon.fr\\\/wp-content\\\/uploads\\\/2023\\\/05\\\/epicerie-oudon-lechappee-produits-locaux.png\",\"datePublished\":\"2023-03-08T10:06:31+00:00\",\"dateModified\":\"2025-05-28T08:08:33+00:00\",\"breadcrumb\":{\"@id\":\"http:\\\/\\\/lechappee-oudon.fr\\\/?page_id=170#breadcrumb\"},\"inLanguage\":\"fr-FR\",\"potentialAction\":[{\"@type\":\"ReadAction\",\"target\":[\"http:\\\/\\\/lechappee-oudon.fr\\\/?page_id=170\"]}]},{\"@type\":\"ImageObject\",\"inLanguage\":\"fr-FR\",\"@id\":\"http:\\\/\\\/lechappee-oudon.fr\\\/?page_id=170#primaryimage\",\"url\":\"http:\\\/\\\/lechappee-oudon.fr\\\/wp-content\\\/uploads\\\/2023\\\/05\\\/epicerie-oudon-lechappee-produits-locaux.png\",\"contentUrl\":\"http:\\\/\\\/lechappee-oudon.fr\\\/wp-content\\\/uploads\\\/2023\\\/05\\\/epicerie-oudon-lechappee-produits-locaux.png\"},{\"@type\":\"BreadcrumbList\",\"@id\":\"http:\\\/\\\/lechappee-oudon.fr\\\/?page_id=170#breadcrumb\",\"itemListElement\":[{\"@type\":\"ListItem\",\"position\":1,\"name\":\"Accueil\",\"item\":\"http:\\\/\\\/lechappee-oudon.fr\\\/\"},{\"@type\":\"ListItem\",\"position\":2,\"name\":\"Boutique\"}]},{\"@type\":\"WebSite\",\"@id\":\"http:\\\/\\\/lechappee-oudon.fr\\\/#website\",\"url\":\"http:\\\/\\\/lechappee-oudon.fr\\\/\",\"name\":\"L&#039;\u00e9chapp\u00e9e, boutique gourmande \u00e0 Oudon\",\"description\":\"Un site utilisant WordPress\",\"publisher\":{\"@id\":\"http:\\\/\\\/lechappee-oudon.fr\\\/#organization\"},\"potentialAction\":[{\"@type\":\"SearchAction\",\"target\":{\"@type\":\"EntryPoint\",\"urlTemplate\":\"http:\\\/\\\/lechappee-oudon.fr\\\/?s={search_term_string}\"},\"query-input\":{\"@type\":\"PropertyValueSpecification\",\"valueRequired\":true,\"valueName\":\"search_term_string\"}}],\"inLanguage\":\"fr-FR\"},{\"@type\":\"Organization\",\"@id\":\"http:\\\/\\\/lechappee-oudon.fr\\\/#organization\",\"name\":\"L&#039;\u00e9chapp\u00e9e, boutique gourmande \u00e0 Oudon\",\"url\":\"http:\\\/\\\/lechappee-oudon.fr\\\/\",\"logo\":{\"@type\":\"ImageObject\",\"inLanguage\":\"fr-FR\",\"@id\":\"http:\\\/\\\/lechappee-oudon.fr\\\/#\\\/schema\\\/logo\\\/image\\\/\",\"url\":\"http:\\\/\\\/lechappee-oudon.fr\\\/wp-content\\\/uploads\\\/2022\\\/12\\\/epicerie-oudon-lechappee.png\",\"contentUrl\":\"http:\\\/\\\/lechappee-oudon.fr\\\/wp-content\\\/uploads\\\/2022\\\/12\\\/epicerie-oudon-lechappee.png\",\"width\":1248,\"height\":610,\"caption\":\"L&#039;\u00e9chapp\u00e9e, boutique gourmande \u00e0 Oudon\"},\"image\":{\"@id\":\"http:\\\/\\\/lechappee-oudon.fr\\\/#\\\/schema\\\/logo\\\/image\\\/\"}}]}<\/script>\n<!-- \/ Yoast SEO plugin. -->","yoast_head_json":{"title":"Boutique - L&#039;\u00e9chapp\u00e9e, boutique gourmande \u00e0 Oudon","robots":{"index":"index","follow":"follow","max-snippet":"max-snippet:-1","max-image-preview":"max-image-preview:large","max-video-preview":"max-video-preview:-1"},"canonical":"http:\/\/lechappee-oudon.fr\/?page_id=170","og_locale":"fr_FR","og_type":"article","og_title":"Boutique - L&#039;\u00e9chapp\u00e9e, boutique gourmande \u00e0 Oudon","og_description":"Nos produits \u00c0 l&rsquo;\u00c9chapp\u00e9e chaque produit que nous vous proposons a \u00e9t\u00e9 s\u00e9lectionn\u00e9 directement aupr\u00e8s de son producteur\/fournisseur. Nous avons \u00e0 c\u0153ur d&rsquo;\u00e9viter au maximum les interm\u00e9diaires de fa\u00e7on \u00e0 favoriser le lien avec le tissu local. Ce choix de travailler au plus pr\u00e8s des producteurs permet une meilleure tra\u00e7abilit\u00e9 des produits et permet \u00e9galement [&hellip;]","og_url":"http:\/\/lechappee-oudon.fr\/?page_id=170","og_site_name":"L&#039;\u00e9chapp\u00e9e, boutique gourmande \u00e0 Oudon","article_modified_time":"2025-05-28T08:08:33+00:00","og_image":[{"url":"http:\/\/lechappee-oudon.fr\/wp-content\/uploads\/2023\/05\/epicerie-oudon-lechappee-produits-locaux.png","type":"","width":"","height":""}],"twitter_card":"summary_large_image","twitter_misc":{"Dur\u00e9e de lecture estim\u00e9e":"2 minutes"},"schema":{"@context":"https:\/\/schema.org","@graph":[{"@type":"WebPage","@id":"http:\/\/lechappee-oudon.fr\/?page_id=170","url":"http:\/\/lechappee-oudon.fr\/?page_id=170","name":"Boutique - L&#039;\u00e9chapp\u00e9e, boutique gourmande \u00e0 Oudon","isPartOf":{"@id":"http:\/\/lechappee-oudon.fr\/#website"},"primaryImageOfPage":{"@id":"http:\/\/lechappee-oudon.fr\/?page_id=170#primaryimage"},"image":{"@id":"http:\/\/lechappee-oudon.fr\/?page_id=170#primaryimage"},"thumbnailUrl":"http:\/\/lechappee-oudon.fr\/wp-content\/uploads\/2023\/05\/epicerie-oudon-lechappee-produits-locaux.png","datePublished":"2023-03-08T10:06:31+00:00","dateModified":"2025-05-28T08:08:33+00:00","breadcrumb":{"@id":"http:\/\/lechappee-oudon.fr\/?page_id=170#breadcrumb"},"inLanguage":"fr-FR","potentialAction":[{"@type":"ReadAction","target":["http:\/\/lechappee-oudon.fr\/?page_id=170"]}]},{"@type":"ImageObject","inLanguage":"fr-FR","@id":"http:\/\/lechappee-oudon.fr\/?page_id=170#primaryimage","url":"http:\/\/lechappee-oudon.fr\/wp-content\/uploads\/2023\/05\/epicerie-oudon-lechappee-produits-locaux.png","contentUrl":"http:\/\/lechappee-oudon.fr\/wp-content\/uploads\/2023\/05\/epicerie-oudon-lechappee-produits-locaux.png"},{"@type":"BreadcrumbList","@id":"http:\/\/lechappee-oudon.fr\/?page_id=170#breadcrumb","itemListElement":[{"@type":"ListItem","position":1,"name":"Accueil","item":"http:\/\/lechappee-oudon.fr\/"},{"@type":"ListItem","position":2,"name":"Boutique"}]},{"@type":"WebSite","@id":"http:\/\/lechappee-oudon.fr\/#website","url":"http:\/\/lechappee-oudon.fr\/","name":"L&#039;\u00e9chapp\u00e9e, boutique gourmande \u00e0 Oudon","description":"Un site utilisant WordPress","publisher":{"@id":"http:\/\/lechappee-oudon.fr\/#organization"},"potentialAction":[{"@type":"SearchAction","target":{"@type":"EntryPoint","urlTemplate":"http:\/\/lechappee-oudon.fr\/?s={search_term_string}"},"query-input":{"@type":"PropertyValueSpecification","valueRequired":true,"valueName":"search_term_string"}}],"inLanguage":"fr-FR"},{"@type":"Organization","@id":"http:\/\/lechappee-oudon.fr\/#organization","name":"L&#039;\u00e9chapp\u00e9e, boutique gourmande \u00e0 Oudon","url":"http:\/\/lechappee-oudon.fr\/","logo":{"@type":"ImageObject","inLanguage":"fr-FR","@id":"http:\/\/lechappee-oudon.fr\/#\/schema\/logo\/image\/","url":"http:\/\/lechappee-oudon.fr\/wp-content\/uploads\/2022\/12\/epicerie-oudon-lechappee.png","contentUrl":"http:\/\/lechappee-oudon.fr\/wp-content\/uploads\/2022\/12\/epicerie-oudon-lechappee.png","width":1248,"height":610,"caption":"L&#039;\u00e9chapp\u00e9e, boutique gourmande \u00e0 Oudon"},"image":{"@id":"http:\/\/lechappee-oudon.fr\/#\/schema\/logo\/image\/"}}]}},"_links":{"self":[{"href":"http:\/\/lechappee-oudon.fr\/index.php?rest_route=\/wp\/v2\/pages\/170","targetHints":{"allow":["GET"]}}],"collection":[{"href":"http:\/\/lechappee-oudon.fr\/index.php?rest_route=\/wp\/v2\/pages"}],"about":[{"href":"http:\/\/lechappee-oudon.fr\/index.php?rest_route=\/wp\/v2\/types\/page"}],"author":[{"embeddable":true,"href":"http:\/\/lechappee-oudon.fr\/index.php?rest_route=\/wp\/v2\/users\/1"}],"replies":[{"embeddable":true,"href":"http:\/\/lechappee-oudon.fr\/index.php?rest_route=%2Fwp%2Fv2%2Fcomments&post=170"}],"version-history":[{"count":71,"href":"http:\/\/lechappee-oudon.fr\/index.php?rest_route=\/wp\/v2\/pages\/170\/revisions"}],"predecessor-version":[{"id":789,"href":"http:\/\/lechappee-oudon.fr\/index.php?rest_route=\/wp\/v2\/pages\/170\/revisions\/789"}],"wp:attachment":[{"href":"http:\/\/lechappee-oudon.fr\/index.php?rest_route=%2Fwp%2Fv2%2Fmedia&parent=170"}],"curies":[{"name":"wp","href":"https:\/\/api.w.org\/{rel}","templated":true}]}}